{"id":379,"date":"2025-07-06T12:15:29","date_gmt":"2025-07-06T12:15:29","guid":{"rendered":"https:\/\/josefinamalomussini.com\/staging\/6120\/register\/"},"modified":"2025-07-29T09:56:55","modified_gmt":"2025-07-29T09:56:55","slug":"register","status":"publish","type":"page","link":"https:\/\/josefinamalomussini.com\/staging\/6120\/register\/","title":{"rendered":"Registro"},"content":{"rendered":"<style>.wp-block-kadence-advancedheading.kt-adv-heading379_405d84-f3, .wp-block-kadence-advancedheading.kt-adv-heading379_405d84-f3[data-kb-block=\"kb-adv-heading379_405d84-f3\"]{margin-top:0px;text-align:center;font-size:var(--global-kb-font-size-xl, 3rem);font-style:normal;}.wp-block-kadence-advancedheading.kt-adv-heading379_405d84-f3, .wp-block-kadence-advancedheading.kt-adv-heading379_405d84-f3[data-kb-block=\"kb-adv-heading379_405d84-f3\"] .kb-adv-text-inner{background-image:linear-gradient(99deg,var(--global-palette1) 2%,rgb(25,64,110) 100%);background-clip:text;-webkit-box-decoration-break:clone;box-decoration-break:clone;-webkit-background-clip:text;-webkit-text-fill-color:transparent;}.wp-block-kadence-advancedheading.kt-adv-heading379_405d84-f3 mark.kt-highlight, .wp-block-kadence-advancedheading.kt-adv-heading379_405d84-f3[data-kb-block=\"kb-adv-heading379_405d84-f3\"] mark.kt-highlight{font-style:normal;-webkit-text-fill-color:initial !important;-webkit-background-clip:initial !important;background-clip:initial !important;color:#f76a0c;-webkit-box-decoration-break:clone;box-decoration-break:clone;padding-top:0px;padding-right:0px;padding-bottom:0px;padding-left:0px;}.wp-block-kadence-advancedheading.kt-adv-heading379_405d84-f3 img.kb-inline-image, .wp-block-kadence-advancedheading.kt-adv-heading379_405d84-f3[data-kb-block=\"kb-adv-heading379_405d84-f3\"] img.kb-inline-image{width:150px;vertical-align:baseline;}<\/style><h2 class=\"kt-adv-heading379_405d84-f3 wp-block-kadence-advancedheading has-theme-palette1-color has-text-color\" data-kb-block=\"kb-adv-heading379_405d84-f3\"><span class=\"kb-adv-text-inner\">Crea tu cuenta<\/span><\/h2>\n\n<style>.wp-block-kadence-advancedheading.kt-adv-heading379_9a308e-4e, .wp-block-kadence-advancedheading.kt-adv-heading379_9a308e-4e[data-kb-block=\"kb-adv-heading379_9a308e-4e\"]{padding-right:var(--global-kb-spacing-4xl, 8rem);padding-left:var(--global-kb-spacing-4xl, 8rem);text-align:center;font-style:normal;}.wp-block-kadence-advancedheading.kt-adv-heading379_9a308e-4e mark.kt-highlight, .wp-block-kadence-advancedheading.kt-adv-heading379_9a308e-4e[data-kb-block=\"kb-adv-heading379_9a308e-4e\"] mark.kt-highlight{font-style:normal;color:#f76a0c;-webkit-box-decoration-break:clone;box-decoration-break:clone;padding-top:0px;padding-right:0px;padding-bottom:0px;padding-left:0px;}.wp-block-kadence-advancedheading.kt-adv-heading379_9a308e-4e img.kb-inline-image, .wp-block-kadence-advancedheading.kt-adv-heading379_9a308e-4e[data-kb-block=\"kb-adv-heading379_9a308e-4e\"] img.kb-inline-image{width:150px;vertical-align:baseline;}@media all and (max-width: 767px){.wp-block-kadence-advancedheading.kt-adv-heading379_9a308e-4e, .wp-block-kadence-advancedheading.kt-adv-heading379_9a308e-4e[data-kb-block=\"kb-adv-heading379_9a308e-4e\"]{padding-right:var(--global-kb-spacing-xxs, 0.5rem);padding-left:var(--global-kb-spacing-xxs, 0.5rem);}}<\/style>\n<p class=\"kt-adv-heading379_9a308e-4e wp-block-kadence-advancedheading\" data-kb-block=\"kb-adv-heading379_9a308e-4e\">Empieza tu viaje de autoconocimiento \u2728<br>Reg\u00edstrate para acceder a contenido personalizado seg\u00fan tu carta natal, recibir actualizaciones astrol\u00f3gicas y descubrir cursos y herramientas que te acompa\u00f1ar\u00e1n en tu transformaci\u00f3n interior.<br>\u00bfYa tienes una cuenta? <a href=\"https:\/\/josefinamalomussini.com\/staging\/6120\/login\/\">Inicia sesi\u00f3n aqu\u00ed.<\/a><\/p>\n\n\n<style>.kb-row-layout-id379_78f051-36 > .kt-row-column-wrap{align-content:start;}:where(.kb-row-layout-id379_78f051-36 > .kt-row-column-wrap) > .wp-block-kadence-column{justify-content:start;}.kb-row-layout-id379_78f051-36 > .kt-row-column-wrap{column-gap:var(--global-kb-gap-md, 2rem);row-gap:var(--global-kb-gap-md, 2rem);padding-top:var(--global-kb-spacing-sm, 1.5rem);padding-bottom:var(--global-kb-spacing-sm, 1.5rem);grid-template-columns:repeat(2, minmax(0, 1fr));}.kb-row-layout-id379_78f051-36 > .kt-row-layout-overlay{opacity:0.30;}@media all and (max-width: 1024px){.kb-row-layout-id379_78f051-36 > .kt-row-column-wrap{grid-template-columns:repeat(2, minmax(0, 1fr));}}@media all and (max-width: 767px){.kb-row-layout-id379_78f051-36 > .kt-row-column-wrap{grid-template-columns:minmax(0, 1fr);}}<\/style><div class=\"kb-row-layout-wrap kb-row-layout-id379_78f051-36 alignnone wp-block-kadence-rowlayout\"><div class=\"kt-row-column-wrap kt-has-2-columns kt-row-layout-equal kt-tab-layout-inherit kt-mobile-layout-row kt-row-valign-top\">\n<style>.kadence-column379_4ca2e5-f7 > .kt-inside-inner-col,.kadence-column379_4ca2e5-f7 > .kt-inside-inner-col:before{border-top-left-radius:0px;border-top-right-radius:0px;border-bottom-right-radius:0px;border-bottom-left-radius:0px;}.kadence-column379_4ca2e5-f7 > .kt-inside-inner-col{column-gap:var(--global-kb-gap-sm, 1rem);}.kadence-column379_4ca2e5-f7 > .kt-inside-inner-col{flex-direction:column;}.kadence-column379_4ca2e5-f7 > .kt-inside-inner-col > .aligncenter{width:100%;}.kadence-column379_4ca2e5-f7 > .kt-inside-inner-col:before{opacity:0.3;}.kadence-column379_4ca2e5-f7{position:relative;}@media all and (max-width: 1024px){.kadence-column379_4ca2e5-f7 > .kt-inside-inner-col{flex-direction:column;justify-content:center;}}@media all and (max-width: 767px){.kadence-column379_4ca2e5-f7 > .kt-inside-inner-col{flex-direction:column;justify-content:center;}}<\/style>\n<div class=\"wp-block-kadence-column kadence-column379_4ca2e5-f7\"><div class=\"kt-inside-inner-col\"><style>.kb-image379_eefa56-d0 .kb-image-has-overlay:after{opacity:0.3;}<\/style>\n<figure class=\"wp-block-kadence-image kb-image379_eefa56-d0 size-full kb-image-is-ratio-size\"><div class=\"kb-is-ratio-image kb-image-ratio-square\"><img data-recalc-dims=\"1\" decoding=\"async\" width=\"764\" height=\"1019\" loading=\"lazy\" src=\"https:\/\/i0.wp.com\/josefinamalomussini.com\/staging\/6120\/wp-content\/uploads\/2025\/07\/IMG_7495-1.jpg?resize=764%2C1019&#038;ssl=1\" alt=\"\" class=\"kb-img wp-image-556\" srcset=\"https:\/\/i0.wp.com\/josefinamalomussini.com\/staging\/6120\/wp-content\/uploads\/2025\/07\/IMG_7495-1.jpg?w=764&amp;ssl=1 764w, https:\/\/i0.wp.com\/josefinamalomussini.com\/staging\/6120\/wp-content\/uploads\/2025\/07\/IMG_7495-1.jpg?resize=225%2C300&amp;ssl=1 225w, https:\/\/i0.wp.com\/josefinamalomussini.com\/staging\/6120\/wp-content\/uploads\/2025\/07\/IMG_7495-1.jpg?resize=600%2C800&amp;ssl=1 600w\" sizes=\"auto, (max-width: 764px) 100vw, 764px\" \/><\/div><\/figure>\n<\/div><\/div>\n\n\n<style>.kadence-column379_ba3a32-f3 > .kt-inside-inner-col,.kadence-column379_ba3a32-f3 > .kt-inside-inner-col:before{border-top-left-radius:0px;border-top-right-radius:0px;border-bottom-right-radius:0px;border-bottom-left-radius:0px;}.kadence-column379_ba3a32-f3 > .kt-inside-inner-col{column-gap:var(--global-kb-gap-sm, 1rem);}.kadence-column379_ba3a32-f3 > .kt-inside-inner-col{flex-direction:column;}.kadence-column379_ba3a32-f3 > .kt-inside-inner-col > .aligncenter{width:100%;}.kadence-column379_ba3a32-f3 > .kt-inside-inner-col:before{opacity:0.3;}.kadence-column379_ba3a32-f3{position:relative;}@media all and (max-width: 1024px){.kadence-column379_ba3a32-f3 > .kt-inside-inner-col{flex-direction:column;justify-content:center;}}@media all and (max-width: 767px){.kadence-column379_ba3a32-f3 > .kt-inside-inner-col{flex-direction:column;justify-content:center;}}<\/style>\n<div class=\"wp-block-kadence-column kadence-column379_ba3a32-f3\"><div class=\"kt-inside-inner-col\">\n<div class=\"um um-register um-375\">\n\t<div class=\"um-form\" data-mode=\"register\">\n\t\t<form method=\"post\" action=\"\">\n\t\t\t<div class=\"um-row _um_row_1 \" style=\"margin: 0 0 30px 0;\"><div class=\"um-col-1\"><div  id=\"um_field_375_first_name\" class=\"um-field um-field-text  um-field-first_name um-field-text um-field-type_text\" data-key=\"first_name\"><div class=\"um-field-label\"><label for=\"first_name-375\">Nombre<\/label><div class=\"um-clear\"><\/div><\/div><div class=\"um-field-area\"><input  autocomplete=\"off\" class=\"um-form-field valid \" type=\"text\" name=\"first_name-375\" id=\"first_name-375\" value=\"\" placeholder=\"\" data-validate=\"\" data-key=\"first_name\"  aria-invalid=\"false\" \/>\n\n\t\t\t\t\t\t<\/div><\/div><div  id=\"um_field_375_last_name\" class=\"um-field um-field-text  um-field-last_name um-field-text um-field-type_text\" data-key=\"last_name\"><div class=\"um-field-label\"><label for=\"last_name-375\">Apellidos<\/label><div class=\"um-clear\"><\/div><\/div><div class=\"um-field-area\"><input  autocomplete=\"off\" class=\"um-form-field valid \" type=\"text\" name=\"last_name-375\" id=\"last_name-375\" value=\"\" placeholder=\"\" data-validate=\"\" data-key=\"last_name\"  aria-invalid=\"false\" \/>\n\n\t\t\t\t\t\t<\/div><\/div><div  id=\"um_field_375_user_email\" class=\"um-field um-field-text  um-field-user_email um-field-text um-field-type_text\" data-key=\"user_email\"><div class=\"um-field-label\"><label for=\"user_email-375\">Direcci\u00f3n de correo electr\u00f3nico<\/label><div class=\"um-clear\"><\/div><\/div><div class=\"um-field-area\"><input  autocomplete=\"off\" class=\"um-form-field valid \" type=\"text\" name=\"user_email-375\" id=\"user_email-375\" value=\"\" placeholder=\"\" data-validate=\"unique_email\" data-key=\"user_email\"  aria-invalid=\"false\" \/>\n\n\t\t\t\t\t\t<\/div><\/div><div  id=\"um_field_375_birth_date\" class=\"um-field um-field-date  um-field-birth_date um-field-date um-field-type_date\" data-key=\"birth_date\"><div class=\"um-field-label\"><div class=\"um-field-label-icon\"><i class=\"far fa-calendar-days\" aria-label=\"Fecha de nacimiento\"><\/i><\/div><label for=\"birth_date-375\">Fecha de nacimiento<span class=\"um-req\" title=\"Required\">*<\/span><\/label><div class=\"um-clear\"><\/div><\/div><div class=\"um-field-area\"><input   class=\"um-form-field valid um-datepicker \" type=\"text\" name=\"birth_date-375\" id=\"birth_date-375\" value=\"\" placeholder=\"\" data-validate=\"\" data-key=\"birth_date\" data-range=\"years\" data-years=\"115\" data-years_x=\"past\" data-disabled_weekdays=\"\" data-date_min=\"1911,5,01\" data-date_max=\"2026,5,01\" data-format=\"d mmm yyyy\" data-value=\"\"  aria-invalid=\"false\" \/>\n\n\t\t\t\t\t\t<\/div><\/div><div  id=\"um_field_375_hora-de-nacimiento\" class=\"um-field um-field-time  um-field-hora-de-nacimiento um-field-time um-field-type_time\" data-key=\"hora-de-nacimiento\"><div class=\"um-field-label\"><div class=\"um-field-label-icon\"><i class=\"far fa-clock\" aria-label=\"Hora de nacimiento (opcional)\"><\/i><\/div><label for=\"hora-de-nacimiento-375\">Hora de nacimiento (opcional)<\/label><div class=\"um-clear\"><\/div><\/div><div class=\"um-field-area\"><input    class=\"um-form-field valid not-required um-timepicker \" type=\"text\" name=\"hora-de-nacimiento-375\" id=\"hora-de-nacimiento-375\" value=\"\" placeholder=\"\" data-validate=\"\" data-key=\"hora-de-nacimiento\"  data-format=\"HH:i\" data-intervals=\"60\" data-value=\"\"  aria-invalid=\"false\" \/>\n\n\t\t\t\t\t\t<\/div><\/div><div  id=\"um_field_375_lugar-de-nacimiento\" class=\"um-field um-field-text  um-field-lugar-de-nacimiento um-field-text um-field-type_text\" data-key=\"lugar-de-nacimiento\"><div class=\"um-field-label\"><div class=\"um-field-label-icon\"><i class=\"far fa-compass\" aria-label=\"Lugar de nacimiento (opcional)\"><\/i><\/div><label for=\"lugar-de-nacimiento-375\">Lugar de nacimiento (opcional)<\/label><div class=\"um-clear\"><\/div><\/div><div class=\"um-field-area\"><input  autocomplete=\"off\" class=\"um-form-field valid not-required \" type=\"text\" name=\"lugar-de-nacimiento-375\" id=\"lugar-de-nacimiento-375\" value=\"\" placeholder=\"\" data-validate=\"\" data-key=\"lugar-de-nacimiento\"  aria-invalid=\"false\" \/>\n\n\t\t\t\t\t\t<\/div><\/div><div  id=\"um_field_375_user_password\" class=\"um-field um-field-password  um-field-user_password um-field-password um-field-type_password\" data-key=\"user_password\"><div class=\"um-field-label\"><label for=\"user_password-375\">Contrase\u00f1a<span class=\"um-req\" title=\"Required\">*<\/span><\/label><div class=\"um-clear\"><\/div><\/div><div class=\"um-field-area\"><input class=\"um-form-field valid \" type=\"password\" name=\"user_password-375\" id=\"user_password-375\" value=\"\" placeholder=\"\" data-validate=\"\" data-key=\"user_password\"  aria-invalid=\"false\" \/>\n\n\t\t\t\t\t\t\t<\/div><\/div><div  id=\"um_field_375_confirm_user_password\" class=\"um-field um-field-password  um-field-user_password um-field-password um-field-type_password\" data-key=\"confirm_user_password\"><div class=\"um-field-label\"><label for=\"confirm_user_password-375\">Confirm Contrase\u00f1a<span class=\"um-req\" title=\"Required\">*<\/span><\/label><div class=\"um-clear\"><\/div><\/div><div class=\"um-field-area\"><input class=\"um-form-field valid \" type=\"password\" name=\"confirm_user_password-375\" id=\"confirm_user_password-375\" value=\"\" placeholder=\"Confirm Contrase\u00f1a\" data-validate=\"\" data-key=\"confirm_user_password\"  aria-invalid=\"false\" \/><\/div><\/div><div  id=\"um_field_375_zodiac_sign\" class=\"um-field um-field-text  um-is-conditional um-field-zodiac_sign um-field-text um-field-type_text\" data-key=\"zodiac_sign\"><div class=\"um-field-area\"><input  autocomplete=\"off\" class=\"um-form-field valid not-required \" type=\"text\" name=\"zodiac_sign-375\" id=\"zodiac_sign-375\" value=\"\" placeholder=\"\" data-validate=\"\" data-key=\"zodiac_sign\"  aria-invalid=\"false\" \/>\n\n\t\t\t\t\t\t<\/div><\/div><\/div><\/div>\t<input type=\"hidden\" name=\"form_id\" id=\"form_id_375\" value=\"375\" \/>\n\t\t<p class=\"um_request_name\">\n\t\t<label for=\"um_request_375\">Only fill in if you are not human<\/label>\n\t\t<input type=\"hidden\" name=\"um_request\" id=\"um_request_375\" class=\"input\" value=\"\" size=\"25\" autocomplete=\"off\" \/>\n\t<\/p>\n\t<input type=\"hidden\" id=\"_wpnonce\" name=\"_wpnonce\" value=\"4db1d83e39\" \/><input type=\"hidden\" name=\"_wp_http_referer\" value=\"\/staging\/6120\/wp-json\/wp\/v2\/pages\/379\" \/>\n\t<div class=\"um-col-alt\">\n\n\t\t\n\t\t\t<div class=\"um-left um-half\">\n\t\t\t\t<input type=\"submit\" value=\"Registro\" class=\"um-button\" id=\"um-submit-btn\" \/>\n\t\t\t<\/div>\n\t\t\t<div class=\"um-right um-half\">\n\t\t\t\t<a href=\"https:\/\/josefinamalomussini.com\/staging\/6120\/login\/\" class=\"um-button um-alt\">\n\t\t\t\t\tAcceder\t\t\t\t<\/a>\n\t\t\t<\/div>\n\n\t\t\n\t\t<div class=\"um-clear\"><\/div>\n\n\t<\/div>\n\n\t\t\t<\/form>\n\t<\/div>\n<\/div>\n<style>\n\t\t\t.um-375.um {\n\t\t\tmax-width: 450px;\n\t\t}\n\t\t<\/style>\n\n<\/div><\/div>\n\n<\/div><\/div>","protected":false},"excerpt":{"rendered":"<p>Crea tu cuenta Empieza tu viaje de autoconocimiento \u2728Reg\u00edstrate para acceder a contenido personalizado seg\u00fan tu carta natal, recibir actualizaciones astrol\u00f3gicas y descubrir cursos y herramientas que te acompa\u00f1ar\u00e1n en tu transformaci\u00f3n interior.\u00bfYa tienes una cuenta? Inicia sesi\u00f3n aqu\u00ed.<\/p>\n","protected":false},"author":1,"featured_media":0,"parent":0,"menu_order":0,"comment_status":"closed","ping_status":"closed","template":"","meta":{"nf_dc_page":"","_kad_post_transparent":"","_kad_post_title":"hide","_kad_post_layout":"","_kad_post_sidebar_id":"","_kad_post_content_style":"","_kad_post_vertical_padding":"","_kad_post_feature":"","_kad_post_feature_position":"","_kad_post_header":false,"_kad_post_footer":false,"_kad_post_classname":"","_joinchat":[],"footnotes":""},"class_list":["post-379","page","type-page","status-publish","hentry"],"yoast_head":"<!-- This site is optimized with the Yoast SEO plugin v27.5 - https:\/\/yoast.com\/product\/yoast-seo-wordpress\/ -->\n<title>Registro - Josefina Malo Mussini<\/title>\n<meta name=\"robots\" content=\"index, follow, max-snippet:-1, max-image-preview:large, max-video-preview:-1\" \/>\n<link rel=\"canonical\" href=\"https:\/\/josefinamalomussini.com\/staging\/6120\/register\/\" \/>\n<meta property=\"og:locale\" content=\"en_US\" \/>\n<meta property=\"og:type\" content=\"article\" \/>\n<meta property=\"og:title\" content=\"Registro - Josefina Malo Mussini\" \/>\n<meta property=\"og:description\" content=\"Crea tu cuenta Empieza tu viaje de autoconocimiento \u2728Reg\u00edstrate para acceder a contenido personalizado seg\u00fan tu carta natal, recibir actualizaciones astrol\u00f3gicas y descubrir cursos y herramientas que te acompa\u00f1ar\u00e1n en tu transformaci\u00f3n interior.\u00bfYa tienes una cuenta? Inicia sesi\u00f3n aqu\u00ed.\" \/>\n<meta property=\"og:url\" content=\"https:\/\/josefinamalomussini.com\/staging\/6120\/register\/\" \/>\n<meta property=\"og:site_name\" content=\"Josefina Malo Mussini\" \/>\n<meta property=\"article:modified_time\" content=\"2025-07-29T09:56:55+00:00\" \/>\n<meta property=\"og:image\" content=\"https:\/\/josefinamalomussini.com\/staging\/6120\/wp-content\/uploads\/2025\/07\/IMG_7495-1.jpg\" \/>\n<meta name=\"twitter:card\" content=\"summary_large_image\" \/>\n<meta name=\"twitter:label1\" content=\"Est. reading time\" \/>\n\t<meta name=\"twitter:data1\" content=\"1 minute\" \/>\n<script type=\"application\/ld+json\" class=\"yoast-schema-graph\">{\"@context\":\"https:\\\/\\\/schema.org\",\"@graph\":[{\"@type\":\"WebPage\",\"@id\":\"https:\\\/\\\/josefinamalomussini.com\\\/staging\\\/6120\\\/register\\\/\",\"url\":\"https:\\\/\\\/josefinamalomussini.com\\\/staging\\\/6120\\\/register\\\/\",\"name\":\"Registro - Josefina Malo Mussini\",\"isPartOf\":{\"@id\":\"https:\\\/\\\/foi.bcg.mybluehost.me\\\/website_58de9b92\\\/#website\"},\"primaryImageOfPage\":{\"@id\":\"https:\\\/\\\/josefinamalomussini.com\\\/staging\\\/6120\\\/register\\\/#primaryimage\"},\"image\":{\"@id\":\"https:\\\/\\\/josefinamalomussini.com\\\/staging\\\/6120\\\/register\\\/#primaryimage\"},\"thumbnailUrl\":\"https:\\\/\\\/josefinamalomussini.com\\\/staging\\\/6120\\\/wp-content\\\/uploads\\\/2025\\\/07\\\/IMG_7495-1.jpg\",\"datePublished\":\"2025-07-06T12:15:29+00:00\",\"dateModified\":\"2025-07-29T09:56:55+00:00\",\"breadcrumb\":{\"@id\":\"https:\\\/\\\/josefinamalomussini.com\\\/staging\\\/6120\\\/register\\\/#breadcrumb\"},\"inLanguage\":\"en-US\",\"potentialAction\":[{\"@type\":\"ReadAction\",\"target\":[\"https:\\\/\\\/josefinamalomussini.com\\\/staging\\\/6120\\\/register\\\/\"]}]},{\"@type\":\"ImageObject\",\"inLanguage\":\"en-US\",\"@id\":\"https:\\\/\\\/josefinamalomussini.com\\\/staging\\\/6120\\\/register\\\/#primaryimage\",\"url\":\"https:\\\/\\\/i0.wp.com\\\/josefinamalomussini.com\\\/staging\\\/6120\\\/wp-content\\\/uploads\\\/2025\\\/07\\\/IMG_7495-1.jpg?fit=764%2C1019&ssl=1\",\"contentUrl\":\"https:\\\/\\\/i0.wp.com\\\/josefinamalomussini.com\\\/staging\\\/6120\\\/wp-content\\\/uploads\\\/2025\\\/07\\\/IMG_7495-1.jpg?fit=764%2C1019&ssl=1\",\"width\":764,\"height\":1019},{\"@type\":\"BreadcrumbList\",\"@id\":\"https:\\\/\\\/josefinamalomussini.com\\\/staging\\\/6120\\\/register\\\/#breadcrumb\",\"itemListElement\":[{\"@type\":\"ListItem\",\"position\":1,\"name\":\"Home\",\"item\":\"https:\\\/\\\/josefinamalomussini.com\\\/staging\\\/6120\\\/\"},{\"@type\":\"ListItem\",\"position\":2,\"name\":\"Registro\"}]},{\"@type\":\"WebSite\",\"@id\":\"https:\\\/\\\/foi.bcg.mybluehost.me\\\/website_58de9b92\\\/#website\",\"url\":\"https:\\\/\\\/foi.bcg.mybluehost.me\\\/website_58de9b92\\\/\",\"name\":\"Josefina Malo Mussini\",\"description\":\"\",\"publisher\":{\"@id\":\"https:\\\/\\\/foi.bcg.mybluehost.me\\\/website_58de9b92\\\/#\\\/schema\\\/person\\\/34bd8b7820acf889e20707671e3945cd\"},\"potentialAction\":[{\"@type\":\"SearchAction\",\"target\":{\"@type\":\"EntryPoint\",\"urlTemplate\":\"https:\\\/\\\/foi.bcg.mybluehost.me\\\/website_58de9b92\\\/?s={search_term_string}\"},\"query-input\":{\"@type\":\"PropertyValueSpecification\",\"valueRequired\":true,\"valueName\":\"search_term_string\"}}],\"inLanguage\":\"en-US\"},{\"@type\":[\"Person\",\"Organization\"],\"@id\":\"https:\\\/\\\/foi.bcg.mybluehost.me\\\/website_58de9b92\\\/#\\\/schema\\\/person\\\/34bd8b7820acf889e20707671e3945cd\",\"name\":\"Josefina Malo Mussini\",\"image\":{\"@type\":\"ImageObject\",\"inLanguage\":\"en-US\",\"@id\":\"https:\\\/\\\/i0.wp.com\\\/josefinamalomussini.com\\\/staging\\\/6120\\\/wp-content\\\/uploads\\\/2025\\\/06\\\/JOSEFINA-6931.jpg?fit=900%2C1350&ssl=1\",\"url\":\"https:\\\/\\\/i0.wp.com\\\/josefinamalomussini.com\\\/staging\\\/6120\\\/wp-content\\\/uploads\\\/2025\\\/06\\\/JOSEFINA-6931.jpg?fit=900%2C1350&ssl=1\",\"contentUrl\":\"https:\\\/\\\/i0.wp.com\\\/josefinamalomussini.com\\\/staging\\\/6120\\\/wp-content\\\/uploads\\\/2025\\\/06\\\/JOSEFINA-6931.jpg?fit=900%2C1350&ssl=1\",\"width\":900,\"height\":1350,\"caption\":\"Josefina Malo Mussini\"},\"logo\":{\"@id\":\"https:\\\/\\\/i0.wp.com\\\/josefinamalomussini.com\\\/staging\\\/6120\\\/wp-content\\\/uploads\\\/2025\\\/06\\\/JOSEFINA-6931.jpg?fit=900%2C1350&ssl=1\"}}]}<\/script>\n<!-- \/ Yoast SEO plugin. -->","yoast_head_json":{"title":"Registro - Josefina Malo Mussini","robots":{"index":"index","follow":"follow","max-snippet":"max-snippet:-1","max-image-preview":"max-image-preview:large","max-video-preview":"max-video-preview:-1"},"canonical":"https:\/\/josefinamalomussini.com\/staging\/6120\/register\/","og_locale":"en_US","og_type":"article","og_title":"Registro - Josefina Malo Mussini","og_description":"Crea tu cuenta Empieza tu viaje de autoconocimiento \u2728Reg\u00edstrate para acceder a contenido personalizado seg\u00fan tu carta natal, recibir actualizaciones astrol\u00f3gicas y descubrir cursos y herramientas que te acompa\u00f1ar\u00e1n en tu transformaci\u00f3n interior.\u00bfYa tienes una cuenta? Inicia sesi\u00f3n aqu\u00ed.","og_url":"https:\/\/josefinamalomussini.com\/staging\/6120\/register\/","og_site_name":"Josefina Malo Mussini","article_modified_time":"2025-07-29T09:56:55+00:00","og_image":[{"url":"https:\/\/josefinamalomussini.com\/staging\/6120\/wp-content\/uploads\/2025\/07\/IMG_7495-1.jpg","type":"","width":"","height":""}],"twitter_card":"summary_large_image","twitter_misc":{"Est. reading time":"1 minute"},"schema":{"@context":"https:\/\/schema.org","@graph":[{"@type":"WebPage","@id":"https:\/\/josefinamalomussini.com\/staging\/6120\/register\/","url":"https:\/\/josefinamalomussini.com\/staging\/6120\/register\/","name":"Registro - Josefina Malo Mussini","isPartOf":{"@id":"https:\/\/foi.bcg.mybluehost.me\/website_58de9b92\/#website"},"primaryImageOfPage":{"@id":"https:\/\/josefinamalomussini.com\/staging\/6120\/register\/#primaryimage"},"image":{"@id":"https:\/\/josefinamalomussini.com\/staging\/6120\/register\/#primaryimage"},"thumbnailUrl":"https:\/\/josefinamalomussini.com\/staging\/6120\/wp-content\/uploads\/2025\/07\/IMG_7495-1.jpg","datePublished":"2025-07-06T12:15:29+00:00","dateModified":"2025-07-29T09:56:55+00:00","breadcrumb":{"@id":"https:\/\/josefinamalomussini.com\/staging\/6120\/register\/#breadcrumb"},"inLanguage":"en-US","potentialAction":[{"@type":"ReadAction","target":["https:\/\/josefinamalomussini.com\/staging\/6120\/register\/"]}]},{"@type":"ImageObject","inLanguage":"en-US","@id":"https:\/\/josefinamalomussini.com\/staging\/6120\/register\/#primaryimage","url":"https:\/\/i0.wp.com\/josefinamalomussini.com\/staging\/6120\/wp-content\/uploads\/2025\/07\/IMG_7495-1.jpg?fit=764%2C1019&ssl=1","contentUrl":"https:\/\/i0.wp.com\/josefinamalomussini.com\/staging\/6120\/wp-content\/uploads\/2025\/07\/IMG_7495-1.jpg?fit=764%2C1019&ssl=1","width":764,"height":1019},{"@type":"BreadcrumbList","@id":"https:\/\/josefinamalomussini.com\/staging\/6120\/register\/#breadcrumb","itemListElement":[{"@type":"ListItem","position":1,"name":"Home","item":"https:\/\/josefinamalomussini.com\/staging\/6120\/"},{"@type":"ListItem","position":2,"name":"Registro"}]},{"@type":"WebSite","@id":"https:\/\/foi.bcg.mybluehost.me\/website_58de9b92\/#website","url":"https:\/\/foi.bcg.mybluehost.me\/website_58de9b92\/","name":"Josefina Malo Mussini","description":"","publisher":{"@id":"https:\/\/foi.bcg.mybluehost.me\/website_58de9b92\/#\/schema\/person\/34bd8b7820acf889e20707671e3945cd"},"potentialAction":[{"@type":"SearchAction","target":{"@type":"EntryPoint","urlTemplate":"https:\/\/foi.bcg.mybluehost.me\/website_58de9b92\/?s={search_term_string}"},"query-input":{"@type":"PropertyValueSpecification","valueRequired":true,"valueName":"search_term_string"}}],"inLanguage":"en-US"},{"@type":["Person","Organization"],"@id":"https:\/\/foi.bcg.mybluehost.me\/website_58de9b92\/#\/schema\/person\/34bd8b7820acf889e20707671e3945cd","name":"Josefina Malo Mussini","image":{"@type":"ImageObject","inLanguage":"en-US","@id":"https:\/\/i0.wp.com\/josefinamalomussini.com\/staging\/6120\/wp-content\/uploads\/2025\/06\/JOSEFINA-6931.jpg?fit=900%2C1350&ssl=1","url":"https:\/\/i0.wp.com\/josefinamalomussini.com\/staging\/6120\/wp-content\/uploads\/2025\/06\/JOSEFINA-6931.jpg?fit=900%2C1350&ssl=1","contentUrl":"https:\/\/i0.wp.com\/josefinamalomussini.com\/staging\/6120\/wp-content\/uploads\/2025\/06\/JOSEFINA-6931.jpg?fit=900%2C1350&ssl=1","width":900,"height":1350,"caption":"Josefina Malo Mussini"},"logo":{"@id":"https:\/\/i0.wp.com\/josefinamalomussini.com\/staging\/6120\/wp-content\/uploads\/2025\/06\/JOSEFINA-6931.jpg?fit=900%2C1350&ssl=1"}}]}},"jetpack_sharing_enabled":true,"_links":{"self":[{"href":"https:\/\/josefinamalomussini.com\/staging\/6120\/wp-json\/wp\/v2\/pages\/379","targetHints":{"allow":["GET"]}}],"collection":[{"href":"https:\/\/josefinamalomussini.com\/staging\/6120\/wp-json\/wp\/v2\/pages"}],"about":[{"href":"https:\/\/josefinamalomussini.com\/staging\/6120\/wp-json\/wp\/v2\/types\/page"}],"author":[{"embeddable":true,"href":"https:\/\/josefinamalomussini.com\/staging\/6120\/wp-json\/wp\/v2\/users\/1"}],"replies":[{"embeddable":true,"href":"https:\/\/josefinamalomussini.com\/staging\/6120\/wp-json\/wp\/v2\/comments?post=379"}],"version-history":[{"count":4,"href":"https:\/\/josefinamalomussini.com\/staging\/6120\/wp-json\/wp\/v2\/pages\/379\/revisions"}],"predecessor-version":[{"id":558,"href":"https:\/\/josefinamalomussini.com\/staging\/6120\/wp-json\/wp\/v2\/pages\/379\/revisions\/558"}],"wp:attachment":[{"href":"https:\/\/josefinamalomussini.com\/staging\/6120\/wp-json\/wp\/v2\/media?parent=379"}],"curies":[{"name":"wp","href":"https:\/\/api.w.org\/{rel}","templated":true}]}}